{"id":1245,"date":"2025-04-15T10:06:12","date_gmt":"2025-04-15T08:06:12","guid":{"rendered":"https:\/\/www.bmctrack.com\/?page_id=1245"},"modified":"2025-04-16T16:17:17","modified_gmt":"2025-04-16T14:17:17","slug":"gps2","status":"publish","type":"page","link":"https:\/\/www.bmctrack.com\/?page_id=1245","title":{"rendered":"GPS"},"content":{"rendered":"\t\t<div data-elementor-type=\"wp-page\" data-elementor-id=\"1245\" class=\"elementor elementor-1245\">\n\t\t\t\t<div class=\"elementor-element elementor-element-4cdd86a e-flex e-con-boxed e-con e-parent\" data-id=\"4cdd86a\" data-element_type=\"container\">\n\t\t\t\t\t<div class=\"e-con-inner\">\n\t\t\t\t<div class=\"elementor-element elementor-element-89bd3d8 elementor-widget elementor-widget-heading\" data-id=\"89bd3d8\" data-element_type=\"widget\" data-widget_type=\"heading.default\">\n\t\t\t\t<div class=\"elementor-widget-container\">\n\t\t\t\t\t<h2 class=\"elementor-heading-title elementor-size-default\">Plateforme de Suivi GPS en Temps r\u00e9el<\/h2>\t\t\t\t<\/div>\n\t\t\t\t<\/div>\n\t\t\t\t\t<\/div>\n\t\t\t\t<\/div>\n\t\t<div class=\"elementor-element elementor-element-df81b78 e-flex e-con-boxed e-con e-parent\" data-id=\"df81b78\" data-element_type=\"container\">\n\t\t\t\t\t<div class=\"e-con-inner\">\n\t\t<div class=\"elementor-element elementor-element-3a37118 e-con-full e-flex e-con e-child\" data-id=\"3a37118\" data-element_type=\"container\">\n\t\t\t\t<div class=\"elementor-element elementor-element-baec13c elementor-widget elementor-widget-video\" data-id=\"baec13c\" data-element_type=\"widget\" data-settings=\"{&quot;video_type&quot;:&quot;hosted&quot;,&quot;autoplay&quot;:&quot;yes&quot;,&quot;play_on_mobile&quot;:&quot;yes&quot;,&quot;loop&quot;:&quot;yes&quot;,&quot;controls&quot;:&quot;yes&quot;}\" data-widget_type=\"video.default\">\n\t\t\t\t<div class=\"elementor-widget-container\">\n\t\t\t\t\t\t\t<div class=\"e-hosted-video elementor-wrapper elementor-open-inline\">\n\t\t\t\t\t<video class=\"elementor-video\" src=\"https:\/\/www.bmctrack.com\/wp-content\/uploads\/2025\/04\/Design-sans-titre-1.mp4\" autoplay=\"\" loop=\"\" controls=\"\" playsinline=\"\" controlsList=\"nodownload\"><\/video>\n\t\t\t\t<\/div>\n\t\t\t\t\t\t<\/div>\n\t\t\t\t<\/div>\n\t\t\t\t<\/div>\n\t\t<div class=\"elementor-element elementor-element-1e5fe3f e-con-full e-flex e-con e-child\" data-id=\"1e5fe3f\" data-element_type=\"container\">\n\t\t\t\t<div class=\"elementor-element elementor-element-92a915e elementor-widget elementor-widget-heading\" data-id=\"92a915e\" data-element_type=\"widget\" data-widget_type=\"heading.default\">\n\t\t\t\t<div class=\"elementor-widget-container\">\n\t\t\t\t\t<h2 class=\"elementor-heading-title elementor-size-default\">1 <br>Suivi en Temps r\u00e9el<\/h2>\t\t\t\t<\/div>\n\t\t\t\t<\/div>\n\t\t\t\t<div class=\"elementor-element elementor-element-6a682e0 elementor-widget elementor-widget-text-editor\" data-id=\"6a682e0\" data-element_type=\"widget\" data-widget_type=\"text-editor.default\">\n\t\t\t\t<div class=\"elementor-widget-container\">\n\t\t\t\t\t\t\t\t\t<p>Le tracker GPRS permet de suivre en temps r\u00e9el \u00abcontinu\u00bb tous les d\u00e9placements de vos v\u00e9hicules d\u2019entreprise ou personnel sur n\u2019importe que l\u2019ordinateur connect\u00e9 \u00e0 internet. Gr\u00e2ce \u00e0 notre logiciel en lignes s\u00e9curis\u00e9 et vous pouvez aussi acc\u00e9der aux d\u00e9tails du v\u00e9hicule par t\u00e9l\u00e9phone vous recevez en 10 secondes la position du v\u00e9hicule sur Google.<br \/>\u00a0Suivi en temps r\u00e9el les d\u00e9placements sur une carte enrichi par googleMap (cartographie, vue satellite ou mixte) avec mise \u00e0 jour automatique des positions par transmission GPRS, de m\u00eame vous pouvez visualiser l\u2019historique de chaque v\u00e9hicules sur une p\u00e9riode choisie.<\/p>\t\t\t\t\t\t\t\t<\/div>\n\t\t\t\t<\/div>\n\t\t\t\t<\/div>\n\t\t\t\t\t<\/div>\n\t\t\t\t<\/div>\n\t\t<div class=\"elementor-element elementor-element-30fe3f5 e-flex e-con-boxed e-con e-parent\" data-id=\"30fe3f5\" data-element_type=\"container\">\n\t\t\t\t\t<div class=\"e-con-inner\">\n\t\t<div class=\"elementor-element elementor-element-a7b1d7f e-con-full e-flex e-con e-child\" data-id=\"a7b1d7f\" data-element_type=\"container\">\n\t\t\t\t<div class=\"elementor-element elementor-element-0ef058c elementor-widget elementor-widget-video\" data-id=\"0ef058c\" data-element_type=\"widget\" data-settings=\"{&quot;video_type&quot;:&quot;hosted&quot;,&quot;autoplay&quot;:&quot;yes&quot;,&quot;loop&quot;:&quot;yes&quot;,&quot;controls&quot;:&quot;yes&quot;}\" data-widget_type=\"video.default\">\n\t\t\t\t<div class=\"elementor-widget-container\">\n\t\t\t\t\t\t\t<div class=\"e-hosted-video elementor-wrapper elementor-open-inline\">\n\t\t\t\t\t<video class=\"elementor-video\" src=\"https:\/\/www.bmctrack.com\/wp-content\/uploads\/2025\/04\/Sans-titre-2-1-1.mp4\" autoplay=\"\" loop=\"\" controls=\"\" controlsList=\"nodownload\"><\/video>\n\t\t\t\t<\/div>\n\t\t\t\t\t\t<\/div>\n\t\t\t\t<\/div>\n\t\t\t\t<\/div>\n\t\t<div class=\"elementor-element elementor-element-a0d2726 e-con-full e-flex e-con e-child\" data-id=\"a0d2726\" data-element_type=\"container\">\n\t\t\t\t<div class=\"elementor-element elementor-element-828e277 elementor-widget elementor-widget-heading\" data-id=\"828e277\" data-element_type=\"widget\" data-widget_type=\"heading.default\">\n\t\t\t\t<div class=\"elementor-widget-container\">\n\t\t\t\t\t<h2 class=\"elementor-heading-title elementor-size-default\">2<br>Historique<\/h2>\t\t\t\t<\/div>\n\t\t\t\t<\/div>\n\t\t\t\t<div class=\"elementor-element elementor-element-0c12e99 elementor-widget elementor-widget-text-editor\" data-id=\"0c12e99\" data-element_type=\"widget\" data-widget_type=\"text-editor.default\">\n\t\t\t\t<div class=\"elementor-widget-container\">\n\t\t\t\t\t\t\t\t\t<p>\u00a0Vous pouvez visualiser sur la carte le parcours qui retrace l\u2019historique des v\u00e9hicules pour toutes les dates que vous voulez. Vous pouvez \u00e9galement visualiser les activit\u00e9s d\u00e9taill\u00e9es de vos v\u00e9hicules.<\/p><ul><li>Vous pouvez visualiser l\u2019historique par v\u00e9hicule.<\/li><li>\u00a0Vous pouvez visualiser l\u2019historique par date.<\/li><li>Vous pouvez visulaliser toutes les \u00e9tapes et toutes les activit\u00e9s \u00e0 travers tout le<\/li><li>Parcours sur la carte.<\/li><li>Vous pouvez visualiser l\u2019activit\u00e9 d\u00e9taill\u00e9e sous forme de rapport.<\/li><\/ul>\t\t\t\t\t\t\t\t<\/div>\n\t\t\t\t<\/div>\n\t\t\t\t<\/div>\n\t\t\t\t\t<\/div>\n\t\t\t\t<\/div>\n\t\t<div class=\"elementor-element elementor-element-6aaaeb0 e-flex e-con-boxed e-con e-parent\" data-id=\"6aaaeb0\" data-element_type=\"container\">\n\t\t\t\t\t<div class=\"e-con-inner\">\n\t\t<div class=\"elementor-element elementor-element-7c96183 e-con-full e-flex e-con e-child\" data-id=\"7c96183\" data-element_type=\"container\">\n\t\t\t\t<div class=\"elementor-element elementor-element-9dd1897 elementor-widget elementor-widget-image\" data-id=\"9dd1897\" data-element_type=\"widget\" data-widget_type=\"image.default\">\n\t\t\t\t<div class=\"elementor-widget-container\">\n\t\t\t\t\t\t\t\t\t\t\t\t\t\t\t<img fetchpriority=\"high\" decoding=\"async\" width=\"1200\" height=\"595\" src=\"https:\/\/www.bmctrack.com\/wp-content\/uploads\/2025\/04\/dedmo-rapport-1200x595.jpg\" class=\"attachment-large size-large wp-image-1053\" alt=\"\" srcset=\"https:\/\/www.bmctrack.com\/wp-content\/uploads\/2025\/04\/dedmo-rapport-1200x595.jpg 1200w, https:\/\/www.bmctrack.com\/wp-content\/uploads\/2025\/04\/dedmo-rapport-500x248.jpg 500w, https:\/\/www.bmctrack.com\/wp-content\/uploads\/2025\/04\/dedmo-rapport-300x149.jpg 300w, https:\/\/www.bmctrack.com\/wp-content\/uploads\/2025\/04\/dedmo-rapport-768x381.jpg 768w, https:\/\/www.bmctrack.com\/wp-content\/uploads\/2025\/04\/dedmo-rapport-1536x762.jpg 1536w, https:\/\/www.bmctrack.com\/wp-content\/uploads\/2025\/04\/dedmo-rapport-150x75.jpg 150w, https:\/\/www.bmctrack.com\/wp-content\/uploads\/2025\/04\/dedmo-rapport-484x240.jpg 484w, https:\/\/www.bmctrack.com\/wp-content\/uploads\/2025\/04\/dedmo-rapport-800x397.jpg 800w, https:\/\/www.bmctrack.com\/wp-content\/uploads\/2025\/04\/dedmo-rapport.jpg 1891w\" sizes=\"(max-width:767px) 480px, (max-width:1200px) 100vw, 1200px\" \/>\t\t\t\t\t\t\t\t\t\t\t\t\t\t\t<\/div>\n\t\t\t\t<\/div>\n\t\t\t\t<\/div>\n\t\t<div class=\"elementor-element elementor-element-5b685e9 e-con-full e-flex e-con e-child\" data-id=\"5b685e9\" data-element_type=\"container\">\n\t\t\t\t<div class=\"elementor-element elementor-element-c8a25fa elementor-widget elementor-widget-heading\" data-id=\"c8a25fa\" data-element_type=\"widget\" data-widget_type=\"heading.default\">\n\t\t\t\t<div class=\"elementor-widget-container\">\n\t\t\t\t\t<h2 class=\"elementor-heading-title elementor-size-default\">3<br>Rapports et statistiques<\/h2>\t\t\t\t<\/div>\n\t\t\t\t<\/div>\n\t\t\t\t<div class=\"elementor-element elementor-element-1eb9c71 elementor-widget elementor-widget-text-editor\" data-id=\"1eb9c71\" data-element_type=\"widget\" data-widget_type=\"text-editor.default\">\n\t\t\t\t<div class=\"elementor-widget-container\">\n\t\t\t\t\t\t\t\t\t<div class=\"column mcb-column mcb-item-3a6c535c3 one laptop-one tablet-one mobile-one column_heading\"><div class=\"mcb-column-inner mfn-module-wrapper mcb-column-inner-3a6c535c3 mcb-item-heading-inner\"><h3 class=\"title\"><span style=\"font-size: 14px;\">Les rapports et statistiques permettent de mieux contr\u00f4ler les v\u00e9hicules et les chauffeurs. Le syst\u00e9me offre une large gamme de rapports :<\/span><\/h3><ul><li><span style=\"font-size: 14px;\">\u00a0Rapport pour surveiller le niveau de carburant<\/span><\/li><li><span style=\"font-size: 14px;\">\u00a0Rapport du kilom\u00e9trage<\/span><\/li><li><span style=\"font-size: 14px;\">\u00a0Rapport des arr\u00eats du v\u00e9hicule<\/span><\/li><li><span style=\"font-size: 14px;\">\u00a0Rapport de vitesse<\/span><\/li><li><span style=\"font-size: 14px;\">\u00a0Rapport de la temp\u00e9rature du v\u00e9hicule<\/span><\/li><\/ul><div><span style=\"font-size: 14px;\">\u00a0<\/span><\/div><\/div><\/div>\t\t\t\t\t\t\t\t<\/div>\n\t\t\t\t<\/div>\n\t\t\t\t<\/div>\n\t\t\t\t\t<\/div>\n\t\t\t\t<\/div>\n\t\t<div class=\"elementor-element elementor-element-f9eced5 e-flex e-con-boxed e-con e-parent\" data-id=\"f9eced5\" data-element_type=\"container\">\n\t\t\t\t\t<div class=\"e-con-inner\">\n\t\t<div class=\"elementor-element elementor-element-5b1d082 e-con-full e-flex e-con e-child\" data-id=\"5b1d082\" data-element_type=\"container\">\n\t\t\t\t<div class=\"elementor-element elementor-element-ac6df21 elementor-widget elementor-widget-image\" data-id=\"ac6df21\" data-element_type=\"widget\" data-widget_type=\"image.default\">\n\t\t\t\t<div class=\"elementor-widget-container\">\n\t\t\t\t\t\t\t\t\t\t\t\t\t\t\t<img decoding=\"async\" width=\"971\" height=\"559\" src=\"https:\/\/www.bmctrack.com\/wp-content\/uploads\/2025\/04\/Capturetfgy.jpg\" class=\"attachment-large size-large wp-image-1054\" alt=\"\" srcset=\"https:\/\/www.bmctrack.com\/wp-content\/uploads\/2025\/04\/Capturetfgy.jpg 971w, https:\/\/www.bmctrack.com\/wp-content\/uploads\/2025\/04\/Capturetfgy-500x288.jpg 500w, https:\/\/www.bmctrack.com\/wp-content\/uploads\/2025\/04\/Capturetfgy-300x173.jpg 300w, https:\/\/www.bmctrack.com\/wp-content\/uploads\/2025\/04\/Capturetfgy-768x442.jpg 768w, https:\/\/www.bmctrack.com\/wp-content\/uploads\/2025\/04\/Capturetfgy-130x75.jpg 130w, https:\/\/www.bmctrack.com\/wp-content\/uploads\/2025\/04\/Capturetfgy-484x279.jpg 484w, https:\/\/www.bmctrack.com\/wp-content\/uploads\/2025\/04\/Capturetfgy-800x461.jpg 800w\" sizes=\"(max-width:767px) 480px, (max-width:971px) 100vw, 971px\" \/>\t\t\t\t\t\t\t\t\t\t\t\t\t\t\t<\/div>\n\t\t\t\t<\/div>\n\t\t\t\t<\/div>\n\t\t<div class=\"elementor-element elementor-element-1ec5757 e-con-full e-flex e-con e-child\" data-id=\"1ec5757\" data-element_type=\"container\">\n\t\t\t\t<div class=\"elementor-element elementor-element-8dc6a87 elementor-widget elementor-widget-heading\" data-id=\"8dc6a87\" data-element_type=\"widget\" data-widget_type=\"heading.default\">\n\t\t\t\t<div class=\"elementor-widget-container\">\n\t\t\t\t\t<h2 class=\"elementor-heading-title elementor-size-default\">4<br>Maintenance des v\u00e9hicules<\/h2>\t\t\t\t<\/div>\n\t\t\t\t<\/div>\n\t\t\t\t<div class=\"elementor-element elementor-element-c9e8b20 elementor-widget elementor-widget-text-editor\" data-id=\"c9e8b20\" data-element_type=\"widget\" data-widget_type=\"text-editor.default\">\n\t\t\t\t<div class=\"elementor-widget-container\">\n\t\t\t\t\t\t\t\t\t<p><span style=\"font-family: Syne, -apple-system, BlinkMacSystemFont, 'Segoe UI', Roboto, Oxygen-Sans, Ubuntu, Cantarell, 'Helvetica Neue', sans-serif; font-size: 16px; font-style: normal; font-variant-ligatures: normal; font-variant-caps: normal; font-weight: 400; background-color: #fffdf7;\">Identifier les ope\u0301rations de maintenance pour chaque ve\u0301hicule sur la base de ces ope\u0301rations,<\/span><br style=\"box-sizing: inherit; background-color: #fffdf7;\" \/><span style=\"font-family: Syne, -apple-system, BlinkMacSystemFont, 'Segoe UI', Roboto, Oxygen-Sans, Ubuntu, Cantarell, 'Helvetica Neue', sans-serif; font-size: 16px; font-style: normal; font-variant-ligatures: normal; font-variant-caps: normal; font-weight: 400; background-color: #fffdf7;\">cre\u0301er les calendriers de maintenance, Evaluer les ope\u0301rations de maintenance par le biais d\u2019un<\/span><br style=\"box-sizing: inherit; background-color: #fffdf7;\" \/><span style=\"font-family: Syne, -apple-system, BlinkMacSystemFont, 'Segoe UI', Roboto, Oxygen-Sans, Ubuntu, Cantarell, 'Helvetica Neue', sans-serif; font-size: 16px; font-style: normal; font-variant-ligatures: normal; font-variant-caps: normal; font-weight: 400; background-color: #fffdf7;\">odome\u0300tre.<\/span><\/p><ul><li><span style=\"font-family: Syne, -apple-system, BlinkMacSystemFont, 'Segoe UI', Roboto, Oxygen-Sans, Ubuntu, Cantarell, 'Helvetica Neue', sans-serif; font-size: 16px; font-style: normal; font-variant-ligatures: normal; font-variant-caps: normal; font-weight: 400; background-color: #fffdf7;\">De\u0301finir le cou\u0302t moyen de chaque action de maintenance.<\/span><\/li><li><span style=\"font-family: Syne, -apple-system, BlinkMacSystemFont, 'Segoe UI', Roboto, Oxygen-Sans, Ubuntu, Cantarell, 'Helvetica Neue', sans-serif; font-size: 16px; font-style: normal; font-variant-ligatures: normal; font-variant-caps: normal; font-weight: 400; background-color: #fffdf7;\">Visualiser les actions qui sont en retard et celles dont l\u2019e\u0301che\u0301ance est encore e\u0301loigne\u0301e.<\/span><\/li><li><span style=\"font-family: Syne, -apple-system, BlinkMacSystemFont, 'Segoe UI', Roboto, Oxygen-Sans, Ubuntu, Cantarell, 'Helvetica Neue', sans-serif; font-size: 16px; font-style: normal; font-variant-ligatures: normal; font-variant-caps: normal; font-weight: 400; background-color: #fffdf7;\">Economiser de l\u2019argent au niveau des cou\u0302ts ope\u0301rationnels.<\/span><\/li><li><span style=\"font-family: Syne, -apple-system, BlinkMacSystemFont, 'Segoe UI', Roboto, Oxygen-Sans, Ubuntu, Cantarell, 'Helvetica Neue', sans-serif; font-size: 16px; font-style: normal; font-variant-ligatures: normal; font-variant-caps: normal; font-weight: 400; background-color: #fffdf7;\">Economiser de l\u2019argent au niveau de la maintenance des ve\u0301hicules.<\/span><\/li><li><span style=\"font-family: Syne, -apple-system, BlinkMacSystemFont, 'Segoe UI', Roboto, Oxygen-Sans, Ubuntu, Cantarell, 'Helvetica Neue', sans-serif; font-size: 16px; font-style: normal; font-variant-ligatures: normal; font-variant-caps: normal; font-weight: 400; background-color: #fffdf7;\">Ame\u0301liorer le niveau de se\u0301curite\u0301des ve\u0301hicules.<\/span><\/li><\/ul>\t\t\t\t\t\t\t\t<\/div>\n\t\t\t\t<\/div>\n\t\t\t\t<\/div>\n\t\t\t\t\t<\/div>\n\t\t\t\t<\/div>\n\t\t\t\t<\/div>\n\t\t","protected":false},"excerpt":{"rendered":"<p>Plateforme de Suivi GPS en Temps r\u00e9el https:\/\/www.bmctrack.com\/wp-content\/uploads\/2025\/04\/Design-sans-titre-1.mp4 1 Suivi en Temps r\u00e9el Le tracker GPRS permet de suivre en temps r\u00e9el \u00abcontinu\u00bb tous les d\u00e9placements<span class=\"excerpt-hellip\"> [\u2026]<\/span><\/p>\n","protected":false},"author":1,"featured_media":0,"parent":0,"menu_order":0,"comment_status":"closed","ping_status":"closed","template":"","meta":{"footnotes":""},"class_list":["post-1245","page","type-page","status-publish","hentry"],"_links":{"self":[{"href":"https:\/\/www.bmctrack.com\/index.php?rest_route=\/wp\/v2\/pages\/1245","targetHints":{"allow":["GET"]}}],"collection":[{"href":"https:\/\/www.bmctrack.com\/index.php?rest_route=\/wp\/v2\/pages"}],"about":[{"href":"https:\/\/www.bmctrack.com\/index.php?rest_route=\/wp\/v2\/types\/page"}],"author":[{"embeddable":true,"href":"https:\/\/www.bmctrack.com\/index.php?rest_route=\/wp\/v2\/users\/1"}],"replies":[{"embeddable":true,"href":"https:\/\/www.bmctrack.com\/index.php?rest_route=%2Fwp%2Fv2%2Fcomments&post=1245"}],"version-history":[{"count":14,"href":"https:\/\/www.bmctrack.com\/index.php?rest_route=\/wp\/v2\/pages\/1245\/revisions"}],"predecessor-version":[{"id":1264,"href":"https:\/\/www.bmctrack.com\/index.php?rest_route=\/wp\/v2\/pages\/1245\/revisions\/1264"}],"wp:attachment":[{"href":"https:\/\/www.bmctrack.com\/index.php?rest_route=%2Fwp%2Fv2%2Fmedia&parent=1245"}],"curies":[{"name":"wp","href":"https:\/\/api.w.org\/{rel}","templated":true}]}}