{"id":877,"date":"2025-04-07T21:12:44","date_gmt":"2025-04-07T19:12:44","guid":{"rendered":"https:\/\/www.bmctrack.com\/?page_id=877"},"modified":"2025-04-08T00:03:48","modified_gmt":"2025-04-07T22:03:48","slug":"partenaires","status":"publish","type":"page","link":"https:\/\/www.bmctrack.com\/?page_id=877","title":{"rendered":"Partenaires"},"content":{"rendered":"\t\t<div data-elementor-type=\"wp-page\" data-elementor-id=\"877\" class=\"elementor elementor-877\">\n\t\t\t\t\t\t<section class=\"elementor-section elementor-top-section elementor-element elementor-element-2d769f6e elementor-section-height-min-height elementor-section-boxed elementor-section-height-default elementor-section-items-middle\" data-id=\"2d769f6e\" data-element_type=\"section\" data-settings=\"{&quot;background_background&quot;:&quot;classic&quot;}\">\n\t\t\t\t\t\t\t<div class=\"elementor-background-overlay\"><\/div>\n\t\t\t\t\t\t\t<div class=\"elementor-container elementor-column-gap-default\">\n\t\t\t\t\t<div class=\"elementor-column elementor-col-50 elementor-top-column elementor-element elementor-element-7f68ce40\" data-id=\"7f68ce40\" data-element_type=\"column\">\n\t\t\t<div class=\"elementor-widget-wrap elementor-element-populated\">\n\t\t\t\t\t\t<div class=\"elementor-element elementor-element-33796232 animated-slow elementor-invisible elementor-widget elementor-widget-heading\" data-id=\"33796232\" data-element_type=\"widget\" data-settings=\"{&quot;_animation&quot;:&quot;fadeIn&quot;}\" data-widget_type=\"heading.default\">\n\t\t\t\t<div class=\"elementor-widget-container\">\n\t\t\t\t\t<h1 class=\"elementor-heading-title elementor-size-default\">Ruptela<\/h1>\t\t\t\t<\/div>\n\t\t\t\t<\/div>\n\t\t\t\t<div class=\"elementor-element elementor-element-6b54d6c7 elementor-invisible elementor-widget elementor-widget-text-editor\" data-id=\"6b54d6c7\" data-element_type=\"widget\" data-settings=\"{&quot;_animation&quot;:&quot;fadeIn&quot;}\" data-widget_type=\"text-editor.default\">\n\t\t\t\t<div class=\"elementor-widget-container\">\n\t\t\t\t\t\t\t\t\t<p>Nou<b>s sommes Ruptela, une entreprise mondiale de t\u00e9l\u00e9matique sp\u00e9cialis\u00e9e dans les dispositifs de g\u00e9olocalisation GPS de haute qualit\u00e9. Notre approche centr\u00e9e sur le client se concentre sur la simplification de l&rsquo;exp\u00e9rience utilisateur, l&rsquo;am\u00e9lioration des capacit\u00e9s pr\u00e9dictives et l&rsquo;automatisation des processus, conform\u00e9ment \u00e0 notre vision\u00a0: promouvoir une utilisation des transports plus efficace et durable. Depuis notre cr\u00e9ation en 2007, nous sommes pass\u00e9s d&rsquo;une start-up locale de trois personnes \u00e0 une \u00e9quipe mondiale de plus de 100\u00a0personnes.<\/b><\/p><p><b>Ruptela fournit des solutions t\u00e9l\u00e9matiques avanc\u00e9es et des dispositifs de g\u00e9olocalisation GPS qui aident les entreprises \u00e0 optimiser la gestion de leur flotte et \u00e0 am\u00e9liorer l&rsquo;efficacit\u00e9 de leurs v\u00e9hicules. Notre haute qualit\u00e9<\/b><\/p>\t\t\t\t\t\t\t\t<\/div>\n\t\t\t\t<\/div>\n\t\t\t\t\t<\/div>\n\t\t<\/div>\n\t\t\t\t<div class=\"elementor-column elementor-col-50 elementor-top-column elementor-element elementor-element-1a25a5f4\" data-id=\"1a25a5f4\" data-element_type=\"column\">\n\t\t\t<div class=\"elementor-widget-wrap elementor-element-populated\">\n\t\t\t\t\t\t<div class=\"elementor-element elementor-element-531f020b elementor-widget elementor-widget-video\" data-id=\"531f020b\" data-element_type=\"widget\" data-settings=\"{&quot;show_image_overlay&quot;:&quot;yes&quot;,&quot;image_overlay&quot;:{&quot;url&quot;:&quot;&quot;,&quot;id&quot;:&quot;&quot;,&quot;size&quot;:&quot;&quot;},&quot;video_type&quot;:&quot;hosted&quot;,&quot;controls&quot;:&quot;yes&quot;}\" data-widget_type=\"video.default\">\n\t\t\t\t<div class=\"elementor-widget-container\">\n\t\t\t\t\t\t\t<div class=\"e-hosted-video elementor-wrapper elementor-open-inline\">\n\t\t\t\t\t<video class=\"elementor-video\" src=\"https:\/\/www.bmctrack.com\/wp-content\/uploads\/2025\/04\/videoplayback.mp4\" controls=\"\" preload=\"none\" controlsList=\"nodownload\"><\/video>\n\t\t\t\t<\/div>\n\t\t\t\t\t\t<\/div>\n\t\t\t\t<\/div>\n\t\t\t\t\t<\/div>\n\t\t<\/div>\n\t\t\t\t\t<\/div>\n\t\t<\/section>\n\t\t\t\t<section class=\"elementor-section elementor-top-section elementor-element elementor-element-de03a92 elementor-section-height-min-height elementor-section-boxed elementor-section-height-default elementor-section-items-middle\" data-id=\"de03a92\" data-element_type=\"section\" data-settings=\"{&quot;background_background&quot;:&quot;classic&quot;}\">\n\t\t\t\t\t\t\t<div class=\"elementor-background-overlay\"><\/div>\n\t\t\t\t\t\t\t<div class=\"elementor-container elementor-column-gap-default\">\n\t\t\t\t\t<div class=\"elementor-column elementor-col-50 elementor-top-column elementor-element elementor-element-c13a75b\" data-id=\"c13a75b\" data-element_type=\"column\">\n\t\t\t<div class=\"elementor-widget-wrap elementor-element-populated\">\n\t\t\t\t\t\t<div class=\"elementor-element elementor-element-76b6f0d animated-slow elementor-invisible elementor-widget elementor-widget-heading\" data-id=\"76b6f0d\" data-element_type=\"widget\" data-settings=\"{&quot;_animation&quot;:&quot;fadeIn&quot;}\" data-widget_type=\"heading.default\">\n\t\t\t\t<div class=\"elementor-widget-container\">\n\t\t\t\t\t<h1 class=\"elementor-heading-title elementor-size-default\">Teltonika<\/h1>\t\t\t\t<\/div>\n\t\t\t\t<\/div>\n\t\t\t\t<div class=\"elementor-element elementor-element-ea31d6b elementor-invisible elementor-widget elementor-widget-text-editor\" data-id=\"ea31d6b\" data-element_type=\"widget\" data-settings=\"{&quot;_animation&quot;:&quot;fadeIn&quot;}\" data-widget_type=\"text-editor.default\">\n\t\t\t\t<div class=\"elementor-widget-container\">\n\t\t\t\t\t\t\t\t\t<p>Teltonika est un groupe lituanien qui con\u00e7oit, d\u00e9veloppe et fabrique des objets connect\u00e9s. Nous intervenons dans les secteurs de la g\u00e9olocalisation de v\u00e9hicules, de la connectivit\u00e9 r\u00e9seau, de la t\u00e9l\u00e9m\u00e9decine et de la recharge de v\u00e9hicules \u00e9lectriques, et proposons des services de conception, de fabrication et d&rsquo;assemblage de produits \u00e9lectroniques. Nous vendons et exportons nos appareils dans le monde entier gr\u00e2ce \u00e0 nos bureaux locaux sur tous les continents.<\/p>\t\t\t\t\t\t\t\t<\/div>\n\t\t\t\t<\/div>\n\t\t\t\t\t<\/div>\n\t\t<\/div>\n\t\t\t\t<div class=\"elementor-column elementor-col-50 elementor-top-column elementor-element elementor-element-2535fd7\" data-id=\"2535fd7\" data-element_type=\"column\">\n\t\t\t<div class=\"elementor-widget-wrap elementor-element-populated\">\n\t\t\t\t\t\t<div class=\"elementor-element elementor-element-e0313e5 elementor-widget elementor-widget-video\" data-id=\"e0313e5\" data-element_type=\"widget\" data-settings=\"{&quot;youtube_url&quot;:&quot;https:\\\/\\\/youtu.be\\\/T_IOn_0pM4A?si=zmErnapa8TusGMuA&quot;,&quot;show_image_overlay&quot;:&quot;yes&quot;,&quot;image_overlay&quot;:{&quot;url&quot;:&quot;&quot;,&quot;id&quot;:&quot;&quot;,&quot;size&quot;:&quot;&quot;},&quot;video_type&quot;:&quot;youtube&quot;,&quot;controls&quot;:&quot;yes&quot;}\" data-widget_type=\"video.default\">\n\t\t\t\t<div class=\"elementor-widget-container\">\n\t\t\t\t\t\t\t<div class=\"elementor-wrapper elementor-open-inline\">\n\t\t\t<div class=\"elementor-video\"><\/div>\t\t<\/div>\n\t\t\t\t\t\t<\/div>\n\t\t\t\t<\/div>\n\t\t\t\t\t<\/div>\n\t\t<\/div>\n\t\t\t\t\t<\/div>\n\t\t<\/section>\n\t\t\t\t<\/div>\n\t\t","protected":false},"excerpt":{"rendered":"<p>Ruptela Nous sommes Ruptela, une entreprise mondiale de t\u00e9l\u00e9matique sp\u00e9cialis\u00e9e dans les dispositifs de g\u00e9olocalisation GPS de haute qualit\u00e9. Notre approche centr\u00e9e sur le client se<span class=\"excerpt-hellip\"> [\u2026]<\/span><\/p>\n","protected":false},"author":1,"featured_media":0,"parent":0,"menu_order":0,"comment_status":"closed","ping_status":"closed","template":"","meta":{"footnotes":""},"class_list":["post-877","page","type-page","status-publish","hentry"],"_links":{"self":[{"href":"https:\/\/www.bmctrack.com\/index.php?rest_route=\/wp\/v2\/pages\/877","targetHints":{"allow":["GET"]}}],"collection":[{"href":"https:\/\/www.bmctrack.com\/index.php?rest_route=\/wp\/v2\/pages"}],"about":[{"href":"https:\/\/www.bmctrack.com\/index.php?rest_route=\/wp\/v2\/types\/page"}],"author":[{"embeddable":true,"href":"https:\/\/www.bmctrack.com\/index.php?rest_route=\/wp\/v2\/users\/1"}],"replies":[{"embeddable":true,"href":"https:\/\/www.bmctrack.com\/index.php?rest_route=%2Fwp%2Fv2%2Fcomments&post=877"}],"version-history":[{"count":10,"href":"https:\/\/www.bmctrack.com\/index.php?rest_route=\/wp\/v2\/pages\/877\/revisions"}],"predecessor-version":[{"id":945,"href":"https:\/\/www.bmctrack.com\/index.php?rest_route=\/wp\/v2\/pages\/877\/revisions\/945"}],"wp:attachment":[{"href":"https:\/\/www.bmctrack.com\/index.php?rest_route=%2Fwp%2Fv2%2Fmedia&parent=877"}],"curies":[{"name":"wp","href":"https:\/\/api.w.org\/{rel}","templated":true}]}}